{"id":103,"date":"2024-09-27T12:53:39","date_gmt":"2024-09-27T12:53:39","guid":{"rendered":"https:\/\/eastery.org\/?page_id=103"},"modified":"2024-10-15T07:38:17","modified_gmt":"2024-10-15T07:38:17","slug":"i-nostri-scopi","status":"publish","type":"page","link":"https:\/\/eastery.org\/it\/i-nostri-scopi\/","title":{"rendered":"Finalit\u00e0 e scopi"},"content":{"rendered":"\n<div class=\"wp-block-columns alignfull has-base-2-color has-text-color has-background has-link-color wp-elements-b9de70edacf4a218ad99257fb8f315fa is-layout-flex wp-container-core-columns-is-layout-5c8fa9d8 wp-block-columns-is-layout-flex\" style=\"border-style:none;border-width:0px;border-radius:0px;background-color:#000000;margin-top:0;margin-bottom:0;padding-top:var(--wp--preset--spacing--40);padding-right:var(--wp--preset--spacing--30);padding-bottom:var(--wp--preset--spacing--20);padding-left:var(--wp--preset--spacing--30)\">\n<div class=\"wp-block-column is-layout-flow wp-block-column-is-layout-flow\" style=\"flex-basis:50%\">\n<figure class=\"wp-block-video\"><video height=\"720\" style=\"aspect-ratio: 1280 \/ 720;\" width=\"1280\" controls poster=\"https:\/\/eastery.org\/wp-content\/uploads\/2024\/10\/Thumb-FinalitaScopi.png\" preload=\"auto\" src=\"https:\/\/eastery.org\/wp-content\/uploads\/2024\/10\/EY-VIDEO-SCOPI-IT.mov\"><\/video><figcaption class=\"wp-element-caption\"><strong>ITALIANO<\/strong><\/figcaption><\/figure>\n<\/div>\n\n\n\n<div class=\"wp-block-column has-base-2-color has-text-color has-link-color wp-elements-fa0559b55ad49a5c6e6f12bc60bc9772 is-layout-flow wp-block-column-is-layout-flow\" style=\"flex-basis:50%\">\n<figure class=\"wp-block-video\"><video height=\"720\" style=\"aspect-ratio: 1280 \/ 720;\" width=\"1280\" controls poster=\"https:\/\/eastery.org\/wp-content\/uploads\/2024\/10\/Thumb-PurposesGoals.png\" preload=\"auto\" src=\"https:\/\/eastery.org\/wp-content\/uploads\/2024\/10\/EY-VIDEO-GOALS-EN.mov\"><\/video><figcaption class=\"wp-element-caption\"><strong>ENGLISH<\/strong><\/figcaption><\/figure>\n<\/div>\n<\/div>\n\n\n\n<div class=\"wp-block-group alignfull has-accent-background-color has-background has-global-padding is-layout-constrained wp-container-core-group-is-layout-32a46761 wp-block-group-is-layout-constrained\" style=\"margin-top:0;margin-bottom:0;padding-top:var(--wp--preset--spacing--40);padding-right:var(--wp--preset--spacing--50);padding-bottom:var(--wp--preset--spacing--40);padding-left:var(--wp--preset--spacing--50)\">\n<div class=\"wp-block-group alignwide is-layout-flow wp-container-core-group-is-layout-c06bb666 wp-block-group-is-layout-flow\">\n<h2 class=\"wp-block-heading has-text-align-center has-xx-large-font-size\">Oggetto sociale completo<\/h2>\n\n\n\n<div style=\"height:var(--wp--preset--spacing--20)\" aria-hidden=\"true\" class=\"wp-block-spacer\"><\/div>\n\n\n\n<ul class=\"wp-block-list\">\n<li class=\"has-small-font-size\">Il sostegno di un pensiero religioso e scientifico unificante con lo scopo di ridurre al minimo o eliminare gli attriti e le controversie tra i diversi credi, la scienza e le diverse scuole di auto-aiuto, olistiche, filosofiche e di miglioramento della vita.<\/li>\n\n\n\n<li class=\"has-small-font-size\">Svolgere qualsiasi attivit\u00e0, a Cipro e nel mondo, che promuova l\u2019inclusione delle persone svantaggiate, la riduzione delle sofferenze fisiche, psicologiche e spirituali e degli abusi, compresa l\u2019assistenza legale, sociale, spirituale ed economica collettiva e personalizzata alle vittime e alle loro famiglie.\u2028<\/li>\n\n\n\n<li class=\"has-small-font-size\">Fornire sostegno e formazione per il miglioramento degli aspetti spirituali, psicologici, economici e fisici della vita.\u2028<\/li>\n\n\n\n<li class=\"has-small-font-size\">Garantire e restituire potere e dignit\u00e0 a uomini e donne di buona volont\u00e0 di qualsiasi razza, sesso e credo a Cipro e nel mondo.\u2028<\/li>\n\n\n\n<li class=\"has-small-font-size\">Promuovere argomenti costruttivi e unificanti e la cooperazione tra diversi pensieri religiosi, olistici, scientifici, politici e filosofici con lo scopo di trovare percorsi comuni verso verit\u00e0, insegnamenti e pratiche reciproche, senza lo scopo di creare nuovi pensieri, credi o confessioni, ma piuttosto rafforzando ogni singolo componente, unendo e condividendo le sue verit\u00e0 con gli altri.\u2028<\/li>\n\n\n\n<li class=\"has-small-font-size\">In generale, promuovere e creare unione piuttosto che separazione in ogni questione sociale, filosofica, religiosa e politica, riconoscendo che ogni pensiero contiene elementi di Verit\u00e0 e che questi sono quelli da abbinare, confrontare e unire.<\/li>\n\n\n\n<li class=\"has-small-font-size\">Promuovere il pensiero comune dell\u2019unicit\u00e0 di un\u2019Entit\u00e0 Suprema, comunemente chiamata Dio, Universo, Infinito, Unico, Assoluto, Padre (o, pi\u00f9 saggiamente, non nominata affatto) che pu\u00f2 essere avvicinata e raggiunta in modi diversi e per vie diverse. Ogni percorso e via merita rispetto, ammirazione, comprensione e inclusione, piuttosto che generare divisioni ideologiche, sociali e politiche: incoraggiare ogni individuo a seguire la propria strada per scoprire se stesso e la Verit\u00e0.<\/li>\n\n\n\n<li class=\"has-small-font-size\">Promuovere e impegnarsi in attivit\u00e0 sociali ed economiche secondo uno standard etico e gestionale unico che possa contribuire all\u2019inclusione, all\u2019emancipazione e alla realizzazione delle persone in ogni aspetto della vita.\u2028<br>Creazione di contenuti, supporti e detenzione di propriet\u00e0 intellettuale di opere d\u2019arte in linea con gli scopi e le finalit\u00e0 della Fondazione, sia per promuovere i principi della Fondazione sia per acquisire eventuali guadagni derivanti da royalties, pubblicit\u00e0, sponsorizzazioni o diverse forme di monetizzazione o condivisione dei ricavi on-line e off-line.<\/li>\n\n\n\n<li class=\"has-small-font-size\">La creazione di un\u2019entit\u00e0 semplice e uniforme che sar\u00e0 e attraverso la quale sar\u00e0 amministrata, diretta, promossa e gestita.<\/li>\n\n\n\n<li class=\"has-small-font-size\">L\u2019attivit\u00e0 e l\u2019intraprendere qualsiasi forma di attivit\u00e0, lavoro o impegno che riguardi l\u2019organizzazione, il funzionamento, la gestione, la proiezione, il successo, la promozione, la divulgazione e l\u2019informazione del pubblico in generale in relazione alla fornitura di assistenza sotto forma di programmi nutrizionali, medici, legali, sociali, spirituali e scolastici ai bambini, adulti e famiglie a Cipro e nel mondo, e<\/li>\n\n\n\n<li class=\"has-small-font-size\">Lo sviluppo dell\u2019incoraggiamento, l\u2019avvicinamento, la promozione, il progresso, il controllo, la gestione, l\u2019impegno, l\u2019informazione e la divulgazione al pubblico in tutto il mondo in relazione agli oggetti della Fondazione, e<\/li>\n\n\n\n<li class=\"has-small-font-size\">La promozione, l\u2019agenzia, la presentazione, la rappresentanza dell\u2019azienda in qualsiasi parte del mondo, nonch\u00e9 la promozione, l\u2019agenzia, la presentazione, la rappresentanza della Fondazione davanti a qualsiasi tribuna, evento, discussione, conferenza stampa, convegno, stampa, social, media televisivi e radiofonici, e<\/li>\n\n\n\n<li class=\"has-small-font-size\">l\u2019istituzione di un centro di informazione per la raccolta e la fornitura di dati e informazioni in relazione a tali programmi, e<\/li>\n\n\n\n<li class=\"has-small-font-size\">La ricezione di servizi internet on-line, la creazione di infrastrutture internet on-line, siti web, web-server, web-mail, web-browser, web design, piattaforme web, reti informatiche, reti wireless, forum di supporto, reti informatiche, reti wireless, forum di supporto, nomi di dominio, servizi tecnici di gestione e controllo degli uffici e dei servizi, servizi di consulenza specialistica ed esperti, e in generale qualsiasi tipo di base necessaria o richiesta per il supporto delle attivit\u00e0 della Fondazione, e<\/li>\n\n\n\n<li class=\"has-small-font-size\">La stretta collaborazione con paesi, contatti, centri, governi, centri di ricerca, fondazioni, ospedali, cliniche, laboratori, aziende con scopi simili e organizzazioni senza scopo di lucro in Europa e a livello internazionale, o altri organismi simili con obiettivi simili, compresi i centri di ricerca scientifica, le universit\u00e0 pubbliche e private o altri organismi simili o organizzazioni di qualsiasi tipo con obiettivi simili o affini, comprese altre organizzazioni locali e internazionali nelle aree di fornitura di programmi nutrizionali in tutto il mondo, nonch\u00e9 con altre persone fisiche o giuridiche, locali o straniere, di diritto privato o pubblico, senza scopo di lucro o altro, con il pubblico, la Commissione Europea e altri organi dell\u2019Unione Europea e con Organizzazioni Internazionali che si riferiscono o sono rilevanti, direttamente o indirettamente, per gli oggetti della Fondazione, nonch\u00e9 per stipulare procedure e collegamenti con questi, e<\/li>\n\n\n\n<li class=\"has-small-font-size\">La collaborazione della Fondazione con le persone e gli enti sopra citati pu\u00f2 avvenire in qualsiasi forma, anche mediante contratto a titolo oneroso o gratuito, con l\u2019intermediazione di enti locali o internazionali, con l\u2019intento di affidare incarichi ai membri o ai ricercatori o ai dipendenti della Fondazione, o a terzi, e<\/li>\n\n\n\n<li class=\"has-small-font-size\">La costituzione di altre societ\u00e0, associazioni, fondazioni, persone giuridiche di qualsiasi tipo, filiali, societ\u00e0 o organizzazioni senza scopo di lucro, filiali, uffici, negozi di filiali a Cipro e in tutto il mondo, e<\/li>\n\n\n\n<li class=\"has-small-font-size\">promuovere gli obiettivi della Fondazione e la promozione del volontariato, e<\/li>\n\n\n\n<li class=\"has-small-font-size\">assumere il ruolo di mediatore su qualsiasi questione che possa sorgere durante lo svolgimento di uno qualsiasi dei suddetti obiettivi della Fondazione, e<\/li>\n\n\n\n<li class=\"has-small-font-size\">redigere e mantenere in vigore i regolamenti o il codice di condotta della Fondazione e tra i membri della Fondazione e il pubblico, in modo che la capacit\u00e0 di un membro della Fondazione sia riconosciuta come garanzia di integrit\u00e0, competenza e contributo sociale, e<\/li>\n\n\n\n<li class=\"has-small-font-size\">Per raggiungere i suddetti obiettivi della Fondazione, l\u2019impegno e il coinvolgimento nelle seguenti azioni al fine di: sensibilizzare il pubblico, le classi produttive e gli attori sociali sull\u2019importanza e sul ruolo dello sviluppo dei programmi della Fondazione, a Cipro e nel mondo, e promuovere tali programmi che sono importanti per Cipro e per qualsiasi altro Paese nel mondo,<\/li>\n\n\n\n<li class=\"has-small-font-size\">Contribuire alla formulazione e all\u2019attuazione di politiche e strategie efficaci per lo sviluppo e la promozione di tali programmi,<\/li>\n\n\n\n<li class=\"has-small-font-size\">promuovere la cooperazione tra tutte le autorit\u00e0 e gli organismi di Cipro e del mondo impegnati nell\u2019attuazione di tali programmi.<\/li>\n<\/ul>\n\n\n\n<div style=\"height:var(--wp--preset--spacing--10)\" aria-hidden=\"true\" class=\"wp-block-spacer\"><\/div>\n<\/div>\n<\/div>\n\n\n\n<div class=\"wp-block-group alignfull has-base-2-background-color has-background has-global-padding is-layout-constrained wp-container-core-group-is-layout-763d2292 wp-block-group-is-layout-constrained\" style=\"margin-top:0px;margin-bottom:0;padding-top:var(--wp--preset--spacing--40);padding-right:var(--wp--preset--spacing--40);padding-bottom:var(--wp--preset--spacing--40);padding-left:var(--wp--preset--spacing--40)\">\n<div class=\"wp-block-group alignwide has-global-padding is-layout-constrained wp-block-group-is-layout-constrained\" style=\"margin-top:var(--wp--preset--spacing--20);margin-bottom:var(--wp--preset--spacing--20)\">\n<h2 class=\"wp-block-heading has-text-align-center has-x-large-font-size\">Partner fondatori<\/h2>\n\n\n\n<div class=\"wp-block-group alignwide is-content-justification-center is-layout-flex wp-container-core-group-is-layout-f95ffa09 wp-block-group-is-layout-flex\" style=\"padding-top:0;padding-right:0;padding-bottom:0;padding-left:0\">\n<figure class=\"wp-block-image size-full is-resized\"><a href=\"https:\/\/cytalia.com\" target=\"_blank\" rel=\"noreferrer noopener\"><img loading=\"lazy\" decoding=\"async\" width=\"150\" height=\"60\" src=\"https:\/\/eastery.org\/wp-content\/uploads\/2024\/09\/cytalia-logo.png\" alt=\"\" class=\"wp-image-105\" style=\"aspect-ratio:4\/3;object-fit:contain;width:150px\" srcset=\"https:\/\/eastery.org\/wp-content\/uploads\/2024\/09\/cytalia-logo.png 150w, https:\/\/eastery.org\/wp-content\/uploads\/2024\/09\/cytalia-logo-18x7.png 18w\" sizes=\"auto, (max-width: 150px) 100vw, 150px\" \/><\/a><\/figure>\n\n\n\n<figure class=\"wp-block-image size-large is-resized\"><a href=\"https:\/\/impromptu.video\" target=\"_blank\" rel=\"noreferrer noopener\"><img loading=\"lazy\" decoding=\"async\" width=\"849\" height=\"1024\" src=\"https:\/\/eastery.org\/wp-content\/uploads\/2024\/09\/Logo-new-all-849x1024.png\" alt=\"\" class=\"wp-image-107\" style=\"aspect-ratio:4\/3;object-fit:contain;width:150px\" srcset=\"https:\/\/eastery.org\/wp-content\/uploads\/2024\/09\/Logo-new-all-849x1024.png 849w, https:\/\/eastery.org\/wp-content\/uploads\/2024\/09\/Logo-new-all-249x300.png 249w, https:\/\/eastery.org\/wp-content\/uploads\/2024\/09\/Logo-new-all-768x926.png 768w, https:\/\/eastery.org\/wp-content\/uploads\/2024\/09\/Logo-new-all-1273x1536.png 1273w, https:\/\/eastery.org\/wp-content\/uploads\/2024\/09\/Logo-new-all-1698x2048.png 1698w, https:\/\/eastery.org\/wp-content\/uploads\/2024\/09\/Logo-new-all-10x12.png 10w, https:\/\/eastery.org\/wp-content\/uploads\/2024\/09\/Logo-new-all.png 1949w\" sizes=\"auto, (max-width: 849px) 100vw, 849px\" \/><\/a><\/figure>\n\n\n\n<figure class=\"wp-block-image size-full is-resized\"><img loading=\"lazy\" decoding=\"async\" width=\"225\" height=\"224\" src=\"https:\/\/eastery.org\/wp-content\/uploads\/2024\/10\/download.jpg\" alt=\"\" class=\"wp-image-430\" style=\"aspect-ratio:3\/2;object-fit:cover;width:150px\" srcset=\"https:\/\/eastery.org\/wp-content\/uploads\/2024\/10\/download.jpg 225w, https:\/\/eastery.org\/wp-content\/uploads\/2024\/10\/download-150x150.jpg 150w, https:\/\/eastery.org\/wp-content\/uploads\/2024\/10\/download-12x12.jpg 12w\" sizes=\"auto, (max-width: 225px) 100vw, 225px\" \/><\/figure>\n\n\n\n<figure class=\"wp-block-image size-full is-resized\"><a href=\"https:\/\/management.sm\" target=\"_blank\" rel=\"noreferrer noopener\"><img loading=\"lazy\" decoding=\"async\" width=\"230\" height=\"98\" src=\"https:\/\/eastery.org\/wp-content\/uploads\/2024\/09\/LogoOK1-on-white-trsp.gif\" alt=\"\" class=\"wp-image-109\" style=\"aspect-ratio:4\/3;object-fit:contain;width:150px\"\/><\/a><\/figure>\n\n\n\n<figure class=\"wp-block-image size-full is-resized\"><img loading=\"lazy\" decoding=\"async\" width=\"595\" height=\"168\" src=\"https:\/\/eastery.org\/wp-content\/uploads\/2024\/09\/PBT-Payment-Solutions-2.png\" alt=\"\" class=\"wp-image-108\" style=\"aspect-ratio:4\/3;object-fit:contain;width:150px\" srcset=\"https:\/\/eastery.org\/wp-content\/uploads\/2024\/09\/PBT-Payment-Solutions-2.png 595w, https:\/\/eastery.org\/wp-content\/uploads\/2024\/09\/PBT-Payment-Solutions-2-300x85.png 300w, https:\/\/eastery.org\/wp-content\/uploads\/2024\/09\/PBT-Payment-Solutions-2-18x5.png 18w\" sizes=\"auto, (max-width: 595px) 100vw, 595px\" \/><\/figure>\n<\/div>\n<\/div>\n\n\n\n<p class=\"has-text-align-center\" style=\"font-size:0.6rem\">Le societ\u00e0 sopra riportate hanno contribuito in modo sostanziale alla fase di avviamento della Fondazione supportandola gratuitamente, garantendo le migliori condizioni economiche possibili e\/o la sola copertura dei costi sostenuti nella resa dei loro servizi.<\/p>\n<\/div>\n\n\n\n<p><\/p>\n","protected":false},"excerpt":{"rendered":"<p>Oggetto sociale completo Partner fondatori Le societ\u00e0 sopra riportate hanno contribuito in modo sostanziale alla fase di avviamento della Fondazione supportandola gratuitamente, garantendo le migliori condizioni economiche possibili e\/o la sola copertura dei costi sostenuti nella resa dei loro servizi.<\/p>\n","protected":false},"author":1,"featured_media":0,"parent":0,"menu_order":0,"comment_status":"closed","ping_status":"closed","template":"","meta":{"footnotes":""},"class_list":["post-103","page","type-page","status-publish","hentry"],"_links":{"self":[{"href":"https:\/\/eastery.org\/it\/wp-json\/wp\/v2\/pages\/103","targetHints":{"allow":["GET"]}}],"collection":[{"href":"https:\/\/eastery.org\/it\/wp-json\/wp\/v2\/pages"}],"about":[{"href":"https:\/\/eastery.org\/it\/wp-json\/wp\/v2\/types\/page"}],"author":[{"embeddable":true,"href":"https:\/\/eastery.org\/it\/wp-json\/wp\/v2\/users\/1"}],"replies":[{"embeddable":true,"href":"https:\/\/eastery.org\/it\/wp-json\/wp\/v2\/comments?post=103"}],"version-history":[{"count":5,"href":"https:\/\/eastery.org\/it\/wp-json\/wp\/v2\/pages\/103\/revisions"}],"predecessor-version":[{"id":499,"href":"https:\/\/eastery.org\/it\/wp-json\/wp\/v2\/pages\/103\/revisions\/499"}],"wp:attachment":[{"href":"https:\/\/eastery.org\/it\/wp-json\/wp\/v2\/media?parent=103"}],"curies":[{"name":"wp","href":"https:\/\/api.w.org\/{rel}","templated":true}]}}