{"id":197,"date":"2024-09-30T10:55:50","date_gmt":"2024-09-30T10:55:50","guid":{"rendered":"https:\/\/eastery.org\/?page_id=197"},"modified":"2024-10-04T09:56:07","modified_gmt":"2024-10-04T09:56:07","slug":"attivita","status":"publish","type":"page","link":"https:\/\/eastery.org\/it\/attivita\/","title":{"rendered":"Attivit\u00e0"},"content":{"rendered":"\n<div class=\"wp-block-group alignfull has-accent-2-background-color has-background has-global-padding is-layout-constrained wp-container-core-group-is-layout-47e9179a wp-block-group-is-layout-constrained\" style=\"margin-top:0px;margin-bottom:0;padding-top:var(--wp--preset--spacing--50);padding-right:var(--wp--preset--spacing--50);padding-bottom:var(--wp--preset--spacing--50);padding-left:var(--wp--preset--spacing--50)\">\n<div class=\"wp-block-columns alignwide are-vertically-aligned-top is-layout-flex wp-container-core-columns-is-layout-28f84493 wp-block-columns-is-layout-flex\">\n<div class=\"wp-block-column is-vertically-aligned-top is-layout-flow wp-block-column-is-layout-flow\" style=\"flex-basis:60%\">\n<p class=\"has-fonarto-font-family has-x-large-font-size\" style=\"line-height:1.2\">Divulgazione tramite social media con lo scopo di infondere consapevolezza nelle masse.<\/p>\n\n\n\n<div style=\"height:var(--wp--preset--spacing--20)\" aria-hidden=\"true\" class=\"wp-block-spacer\"><\/div>\n\n\n\n<figure class=\"wp-block-embed is-type-video is-provider-youtube wp-block-embed-youtube wp-embed-aspect-16-9 wp-has-aspect-ratio\"><div class=\"wp-block-embed__wrapper\">\n<iframe loading=\"lazy\" title=\"Eastery: il perch\u00e9 e il come di questo canale\" width=\"500\" height=\"281\" src=\"https:\/\/www.youtube.com\/embed\/nch9RJudXHU?feature=oembed\" frameborder=\"0\" allow=\"accelerometer; autoplay; clipboard-write; encrypted-media; gyroscope; picture-in-picture; web-share\" referrerpolicy=\"strict-origin-when-cross-origin\" allowfullscreen><\/iframe>\n<\/div><\/figure>\n<\/div>\n\n\n\n<div class=\"wp-block-column is-vertically-aligned-top is-layout-flow wp-block-column-is-layout-flow\" style=\"flex-basis:40%\">\n<p style=\"line-height:1.4\">La divulgazione gratuita \u00e8 alla base della nostra fondazione ed \u00e8 iniziata a Marzo 2024 (quando la fondazione non era ancora legalmente esistente) attraverso il <a href=\"http:\/\/www.youtube.com\/@EasteryChannel\" data-type=\"link\" data-id=\"www.youtube.com\/@EasteryChannel\"><strong>canale YouTube dedicato<\/strong><\/a>.<\/p>\n\n\n\n<p style=\"line-height:1.4\"><br>In pochi mesi migliaia di sostenitori si sono iscritti al canale garantendogli una crescita importante e dimostrandoci che c&#8217;\u00e8 enorme richiesta di verit\u00e0 ed illuminazione nelle persone: particolarmente in questo momento storico. Il canale continua a crescere ed altri social saranno aggiunti man mano che volontari si uniranno all&#8217;organizzazione nel 2024 e 2025. <br><br>Gli argomenti trattati sono di carattere filosofico \/ religioso ma anche scientifico ed olistico.<br>L&#8217;approccio utilizzato \u00e8 proprio quello tipico della fondazione: unificare piuttosto che separare, trovare verit\u00e0 comuni piuttosto che divergenze, riconoscere che la verit\u00e0, s\u00e9 stessi e Dio possono essere trovati percorrendo moltissime strade e che ogni strada \u00e8 buona, legittima e merita rispetto.<br><br>La concessione in licenza dei nostri contenuti costituir\u00e0 altres\u00ec una delle fonti di sostentamento della Fondazione: titolare di tutti i diritti d&#8217;autore.<\/p>\n<\/div>\n<\/div>\n<\/div>\n\n\n\n<div class=\"wp-block-group alignfull has-base-background-color has-background is-layout-grid wp-container-core-group-is-layout-6ce71a9e wp-block-group-is-layout-grid\" style=\"margin-top:0;margin-bottom:0;padding-top:var(--wp--preset--spacing--50);padding-right:var(--wp--preset--spacing--50);padding-bottom:var(--wp--preset--spacing--50);padding-left:var(--wp--preset--spacing--50)\">\n<p class=\"has-text-align-right has-fonarto-font-family has-x-large-font-size\" style=\"line-height:1.2\">Realizzazione di documentari e video motivazionali per organizzazioni umanitarie.<\/p>\n\n\n\n<p style=\"padding-top:0;padding-right:0;padding-bottom:0;padding-left:0\">Il nostro supporto ad attivit\u00e0 umanitarie parte dalla cooperazione: realizziamo documentari e video motivazionali per associazioni e fondazioni umanitarie per aiutarle nella raccolta fondi e nel reclutamento di volontari.<br>La consulenza sulla produzione, sulla raccolta fondi, regia, contenuti e la stessa realizzazione del video sono svolti a titolo gratuito, a fronte di compenso fisso o in cambio di una commissione sulle donazioni.<\/p>\n\n\n\n<figure class=\"wp-block-embed is-type-video is-provider-youtube wp-block-embed-youtube wp-embed-aspect-16-9 wp-has-aspect-ratio\"><div class=\"wp-block-embed__wrapper\">\n<iframe loading=\"lazy\" title=\"Mercy Centre awakening video.\" width=\"500\" height=\"281\" src=\"https:\/\/www.youtube.com\/embed\/ebbNKSLnDUs?feature=oembed\" frameborder=\"0\" allow=\"accelerometer; autoplay; clipboard-write; encrypted-media; gyroscope; picture-in-picture; web-share\" referrerpolicy=\"strict-origin-when-cross-origin\" allowfullscreen><\/iframe>\n<\/div><figcaption class=\"wp-element-caption\">Mercy Centre Awakening<\/figcaption><\/figure>\n\n\n\n<figure class=\"wp-block-embed is-type-video is-provider-youtube wp-block-embed-youtube wp-embed-aspect-16-9 wp-has-aspect-ratio\"><div class=\"wp-block-embed__wrapper\">\n<iframe loading=\"lazy\" title=\"Inclusion\" width=\"500\" height=\"281\" src=\"https:\/\/www.youtube.com\/embed\/UOJx5gbZ8zw?feature=oembed\" frameborder=\"0\" allow=\"accelerometer; autoplay; clipboard-write; encrypted-media; gyroscope; picture-in-picture; web-share\" referrerpolicy=\"strict-origin-when-cross-origin\" allowfullscreen><\/iframe>\n<\/div><figcaption class=\"wp-element-caption\">Inclusion<\/figcaption><\/figure>\n<\/div>\n\n\n\n<div class=\"wp-block-group alignfull has-base-2-background-color has-background has-global-padding is-layout-constrained wp-container-core-group-is-layout-c816cdf9 wp-block-group-is-layout-constrained\" style=\"margin-top:0;margin-bottom:0;padding-top:var(--wp--preset--spacing--40);padding-right:var(--wp--preset--spacing--40);padding-bottom:var(--wp--preset--spacing--40);padding-left:var(--wp--preset--spacing--40)\">\n<div class=\"wp-block-group alignwide is-layout-flow wp-block-group-is-layout-flow\">\n<h2 class=\"wp-block-heading\">Canzoni e contenuti multimediali<\/h2>\n\n\n\n<p>La fondazione detiene i diritti di svariati contenuti artistico\/musicali diffusi su piattaforme di streaming con il doppio scopo di illuminare e diffondere un pensiero costruttivo ma anche quello di monetizzarne le relative royalties. Alcuni esempi, audiovisivi e non, sono riportati qui di seguito:<\/p>\n\n\n\n<div style=\"height:var(--wp--preset--spacing--20)\" aria-hidden=\"true\" class=\"wp-block-spacer\"><\/div>\n\n\n\n<div class=\"wp-block-columns is-layout-flex wp-container-core-columns-is-layout-ec2e7a44 wp-block-columns-is-layout-flex\" style=\"padding-top:0;padding-bottom:0\">\n<div class=\"wp-block-column is-layout-flow wp-block-column-is-layout-flow\">\n<figure class=\"wp-block-embed is-type-video is-provider-youtube wp-block-embed-youtube wp-embed-aspect-16-9 wp-has-aspect-ratio\"><div class=\"wp-block-embed__wrapper\">\n<iframe loading=\"lazy\" title=\"HO&#039;Oponopono Musica Guidata per meditazione (2 Ore - Italiano)\" width=\"500\" height=\"281\" src=\"https:\/\/www.youtube.com\/embed\/1sYqhqlMGfE?feature=oembed\" frameborder=\"0\" allow=\"accelerometer; autoplay; clipboard-write; encrypted-media; gyroscope; picture-in-picture; web-share\" referrerpolicy=\"strict-origin-when-cross-origin\" allowfullscreen><\/iframe>\n<\/div><figcaption class=\"wp-element-caption\">Ho&#8217;Oponopono meditazione guidata<\/figcaption><\/figure>\n<\/div>\n\n\n\n<div class=\"wp-block-column is-layout-flow wp-block-column-is-layout-flow\">\n<figure class=\"wp-block-embed is-type-video is-provider-youtube wp-block-embed-youtube wp-embed-aspect-16-9 wp-has-aspect-ratio\"><div class=\"wp-block-embed__wrapper\">\n<iframe loading=\"lazy\" title=\"Ho&#039;Oponopono Theta Meditation Music (2+ hours)\" width=\"500\" height=\"281\" src=\"https:\/\/www.youtube.com\/embed\/OesSaqPy3Wc?feature=oembed\" frameborder=\"0\" allow=\"accelerometer; autoplay; clipboard-write; encrypted-media; gyroscope; picture-in-picture; web-share\" referrerpolicy=\"strict-origin-when-cross-origin\" allowfullscreen><\/iframe>\n<\/div><figcaption class=\"wp-element-caption\">Ho&#8217;Oponopono Musica meditativa<\/figcaption><\/figure>\n<\/div>\n\n\n\n<div class=\"wp-block-column is-layout-flow wp-block-column-is-layout-flow\">\n<figure class=\"wp-block-embed is-type-video is-provider-youtube wp-block-embed-youtube wp-embed-aspect-16-9 wp-has-aspect-ratio\"><div class=\"wp-block-embed__wrapper\">\n<iframe loading=\"lazy\" title=\"Ho&#039;Oponopono: Relaxing Music with Theta Waves (3 Hours)\" width=\"500\" height=\"281\" src=\"https:\/\/www.youtube.com\/embed\/63jNEn7P4mk?feature=oembed\" frameborder=\"0\" allow=\"accelerometer; autoplay; clipboard-write; encrypted-media; gyroscope; picture-in-picture; web-share\" referrerpolicy=\"strict-origin-when-cross-origin\" allowfullscreen><\/iframe>\n<\/div><figcaption class=\"wp-element-caption\">Ho&#8217;Oponopono Musica meditativa<\/figcaption><\/figure>\n<\/div>\n<\/div>\n\n\n\n<div class=\"wp-block-columns is-layout-flex wp-container-core-columns-is-layout-28f84493 wp-block-columns-is-layout-flex\">\n<div class=\"wp-block-column is-layout-flow wp-block-column-is-layout-flow\">\n<figure class=\"wp-block-embed is-type-video is-provider-youtube wp-block-embed-youtube wp-embed-aspect-16-9 wp-has-aspect-ratio\"><div class=\"wp-block-embed__wrapper\">\n<iframe loading=\"lazy\" title=\"L&#039;Amore che vorrei\" width=\"500\" height=\"281\" src=\"https:\/\/www.youtube.com\/embed\/kXkTZJ6SJxI?feature=oembed\" frameborder=\"0\" allow=\"accelerometer; autoplay; clipboard-write; encrypted-media; gyroscope; picture-in-picture; web-share\" referrerpolicy=\"strict-origin-when-cross-origin\" allowfullscreen><\/iframe>\n<\/div><figcaption class=\"wp-element-caption\">L&#8217;Amore che vorrei<\/figcaption><\/figure>\n<\/div>\n\n\n\n<div class=\"wp-block-column is-layout-flow wp-block-column-is-layout-flow\">\n<figure class=\"wp-block-embed is-type-video is-provider-youtube wp-block-embed-youtube wp-embed-aspect-16-9 wp-has-aspect-ratio\"><div class=\"wp-block-embed__wrapper\">\n<iframe loading=\"lazy\" title=\"L\u00e0 fuori non c&#039;\u00e8 niente\" width=\"500\" height=\"281\" src=\"https:\/\/www.youtube.com\/embed\/iPLG_L6Ie-0?feature=oembed\" frameborder=\"0\" allow=\"accelerometer; autoplay; clipboard-write; encrypted-media; gyroscope; picture-in-picture; web-share\" referrerpolicy=\"strict-origin-when-cross-origin\" allowfullscreen><\/iframe>\n<\/div><figcaption class=\"wp-element-caption\">L\u00e0 fuori non c&#8217;\u00e8 niente<\/figcaption><\/figure>\n<\/div>\n\n\n\n<div class=\"wp-block-column is-layout-flow wp-block-column-is-layout-flow\">\n<figure class=\"wp-block-embed is-type-video is-provider-youtube wp-block-embed-youtube wp-embed-aspect-16-9 wp-has-aspect-ratio\"><div class=\"wp-block-embed__wrapper\">\n<iframe loading=\"lazy\" title=\"Miracoli e molto stupore\" width=\"500\" height=\"281\" src=\"https:\/\/www.youtube.com\/embed\/aDVCwa2tI1c?feature=oembed\" frameborder=\"0\" allow=\"accelerometer; autoplay; clipboard-write; encrypted-media; gyroscope; picture-in-picture; web-share\" referrerpolicy=\"strict-origin-when-cross-origin\" allowfullscreen><\/iframe>\n<\/div><figcaption class=\"wp-element-caption\">Miracoli e molto stupore<\/figcaption><\/figure>\n<\/div>\n<\/div>\n\n\n\n<div class=\"wp-block-columns is-layout-flex wp-container-core-columns-is-layout-28f84493 wp-block-columns-is-layout-flex\">\n<div class=\"wp-block-column is-layout-flow wp-block-column-is-layout-flow\">\n<figure class=\"wp-block-embed is-type-video is-provider-youtube wp-block-embed-youtube wp-embed-aspect-16-9 wp-has-aspect-ratio\"><div class=\"wp-block-embed__wrapper\">\n<iframe loading=\"lazy\" title=\"Didimo\" width=\"500\" height=\"281\" src=\"https:\/\/www.youtube.com\/embed\/AtLmw0-evUY?feature=oembed\" frameborder=\"0\" allow=\"accelerometer; autoplay; clipboard-write; encrypted-media; gyroscope; picture-in-picture; web-share\" referrerpolicy=\"strict-origin-when-cross-origin\" allowfullscreen><\/iframe>\n<\/div><figcaption class=\"wp-element-caption\">Didimo<\/figcaption><\/figure>\n<\/div>\n\n\n\n<div class=\"wp-block-column is-layout-flow wp-block-column-is-layout-flow\">\n<figure class=\"wp-block-embed is-type-video is-provider-youtube wp-block-embed-youtube wp-embed-aspect-16-9 wp-has-aspect-ratio\"><div class=\"wp-block-embed__wrapper\">\n<iframe loading=\"lazy\" title=\"Musica che illumina... in esclusiva su Eastery.\" width=\"500\" height=\"281\" src=\"https:\/\/www.youtube.com\/embed\/3ljSZJhSLPQ?feature=oembed\" frameborder=\"0\" allow=\"accelerometer; autoplay; clipboard-write; encrypted-media; gyroscope; picture-in-picture; web-share\" referrerpolicy=\"strict-origin-when-cross-origin\" allowfullscreen><\/iframe>\n<\/div><figcaption class=\"wp-element-caption\">Introduzione ai contenuti musicali<\/figcaption><\/figure>\n<\/div>\n\n\n\n<div class=\"wp-block-column has-small-font-size has-global-padding is-layout-constrained wp-container-core-column-is-layout-da604d14 wp-block-column-is-layout-constrained\" style=\"padding-top:0;padding-right:0;padding-bottom:0;padding-left:0\">\n<figure class=\"wp-block-audio\"><audio controls src=\"https:\/\/eastery.org\/wp-content\/uploads\/2024\/09\/6-Agosto-1933.mp3\"><\/audio><figcaption class=\"wp-element-caption\">6 Agosto 1933<\/figcaption><\/figure>\n\n\n\n<figure class=\"wp-block-audio\"><audio controls src=\"https:\/\/eastery.org\/wp-content\/uploads\/2024\/09\/Amare-veramente.mp3\"><\/audio><figcaption class=\"wp-element-caption\">Amare veramente<\/figcaption><\/figure>\n<\/div>\n<\/div>\n<\/div>\n<\/div>\n\n\n\n<div class=\"wp-block-group alignfull has-base-2-color has-contrast-background-color has-text-color has-background has-link-color wp-elements-0713bfc50c9fd5e4ba0a747e15e145ef has-global-padding is-layout-constrained wp-container-core-group-is-layout-facafb6f wp-block-group-is-layout-constrained\" style=\"margin-top:0;margin-bottom:0;padding-top:var(--wp--preset--spacing--50);padding-right:var(--wp--preset--spacing--50);padding-bottom:var(--wp--preset--spacing--50);padding-left:var(--wp--preset--spacing--50)\">\n<div class=\"wp-block-columns alignwide is-layout-flex wp-container-core-columns-is-layout-d1c656ed wp-block-columns-is-layout-flex\">\n<div class=\"wp-block-column is-vertically-aligned-stretch is-layout-flow wp-block-column-is-layout-flow\" style=\"padding-right:0;flex-basis:60%\">\n<div class=\"wp-block-group has-global-padding is-layout-constrained wp-block-group-is-layout-constrained\" style=\"min-height:100%\">\n<figure class=\"wp-block-image size-full is-style-rounded is-style-rounded--1\"><img loading=\"lazy\" decoding=\"async\" width=\"2048\" height=\"2048\" src=\"https:\/\/eastery.org\/wp-content\/uploads\/2024\/10\/Foto-Ristorante-logo.png\" alt=\"\" class=\"wp-image-417\" srcset=\"https:\/\/eastery.org\/wp-content\/uploads\/2024\/10\/Foto-Ristorante-logo.png 2048w, https:\/\/eastery.org\/wp-content\/uploads\/2024\/10\/Foto-Ristorante-logo-300x300.png 300w, https:\/\/eastery.org\/wp-content\/uploads\/2024\/10\/Foto-Ristorante-logo-1024x1024.png 1024w, https:\/\/eastery.org\/wp-content\/uploads\/2024\/10\/Foto-Ristorante-logo-150x150.png 150w, https:\/\/eastery.org\/wp-content\/uploads\/2024\/10\/Foto-Ristorante-logo-768x768.png 768w, https:\/\/eastery.org\/wp-content\/uploads\/2024\/10\/Foto-Ristorante-logo-1536x1536.png 1536w, https:\/\/eastery.org\/wp-content\/uploads\/2024\/10\/Foto-Ristorante-logo-12x12.png 12w\" sizes=\"auto, (max-width: 2048px) 100vw, 2048px\" \/><\/figure>\n\n\n\n<div class=\"wp-block-group is-layout-flow wp-block-group-is-layout-flow\">\n<p class=\"has-fonarto-font-family has-large-font-size\"><i class=\"fas fa-utensils\"><\/i>  Ristoranti Sociali<\/p>\n\n\n\n<div style=\"height:20px\" aria-hidden=\"true\" class=\"wp-block-spacer\"><\/div>\n\n\n\n<p class=\"has-text-align-left\">Eastery ha realizzato e depositato i diritti d&#8217;immagine e un disciplinare per la realizzazione di una catena di ristoranti &#8220;sociali&#8221;: <strong>EAT2.org<\/strong> in cui per ogni pasto pagato un secondo pasto sia riservato e distribuito a persone in difficolt\u00e0 in modo totalmente gratuito. <b>Il motto del brand \u00e8:<\/b><\/p>\n\n\n\n<figure class=\"wp-block-pullquote has-text-align-center has-system-serif-font-family has-large-font-size\" style=\"border-style:none;border-width:0px;margin-top:0;margin-right:0;margin-bottom:0;margin-left:0;padding-top:var(--wp--preset--spacing--20);padding-right:0;padding-bottom:var(--wp--preset--spacing--20);padding-left:0;line-height:0\"><blockquote><p><b> <\/b><em><b>&#8220;<\/b><span style=\"text-decoration: underline;\"><b>Feeding the world two at a time<\/b><\/span>&#8221; <\/em><\/p><cite>(Sfamiamo il mondo due alla volta)<\/cite><\/blockquote><\/figure>\n\n\n\n<p class=\"has-text-align-left\">Lo scopo di questa iniziativa non \u00e8 solo sfamare persone in difficolt\u00e0 ma quello di far provare loro e alle loro famiglie una vera esperienza di vita che li porter\u00e0 a creare interiormente un futuro economico e familiare migliore e pi\u00f9 confortevole.<\/p>\n\n\n\n<p class=\"has-text-align-center\"><em><span style=\"text-decoration: underline;\">Maggiori dettagli saranno pubblicati presto su questo sito web.<\/span><\/em><\/p>\n\n\n\n<div style=\"height:20px\" aria-hidden=\"true\" class=\"wp-block-spacer\"><\/div>\n\n\n\n<p class=\"has-text-align-center has-fonarto-font-family has-medium-font-size\">Perch\u00e9  qualsiasi cosa reale \u00e8 stata <br>sempre prima nei nostri pensieri e non viceversa.<\/p>\n<\/div>\n<\/div>\n<\/div>\n\n\n\n<div class=\"wp-block-column is-layout-flow wp-block-column-is-layout-flow\" style=\"flex-basis:40%\">\n<div class=\"wp-block-group has-global-padding is-layout-constrained wp-block-group-is-layout-constrained\">\n<div class=\"wp-block-group is-layout-flow wp-block-group-is-layout-flow\">\n<p class=\"has-fonarto-font-family has-large-font-size\" style=\"font-style:normal;font-weight:500;line-height:1.2\"><i class=\"fas fa-hospital\"><\/i> Pronto soccorso morale<\/p>\n\n\n\n<div style=\"height:20px\" aria-hidden=\"true\" class=\"wp-block-spacer\"><\/div>\n\n\n\n<p class=\"has-medium-font-size\">Distribuzione di cibi e bevande all&#8217;esterno delle unit\u00e0 di pronto soccorso, nei cantieri quando \u00e8 particolarmente caldo, ai lavoratori di sicurezza e di protezione civile.<\/p>\n\n\n\n<div style=\"height:20px\" aria-hidden=\"true\" class=\"wp-block-spacer\"><\/div>\n\n\n\n<figure class=\"wp-block-image size-large is-resized is-style-rounded is-style-rounded--2\"><img loading=\"lazy\" decoding=\"async\" width=\"1024\" height=\"647\" src=\"https:\/\/eastery.org\/wp-content\/uploads\/2024\/09\/donuts-1024x647.jpg\" alt=\"\" class=\"wp-image-200\" style=\"width:357px;height:auto\" srcset=\"https:\/\/eastery.org\/wp-content\/uploads\/2024\/09\/donuts-1024x647.jpg 1024w, https:\/\/eastery.org\/wp-content\/uploads\/2024\/09\/donuts-300x190.jpg 300w, https:\/\/eastery.org\/wp-content\/uploads\/2024\/09\/donuts-768x485.jpg 768w, https:\/\/eastery.org\/wp-content\/uploads\/2024\/09\/donuts-1536x970.jpg 1536w, https:\/\/eastery.org\/wp-content\/uploads\/2024\/09\/donuts-2048x1294.jpg 2048w, https:\/\/eastery.org\/wp-content\/uploads\/2024\/09\/donuts-18x12.jpg 18w\" sizes=\"auto, (max-width: 1024px) 100vw, 1024px\" \/><\/figure>\n<\/div>\n\n\n\n<div class=\"wp-block-group is-layout-flow wp-block-group-is-layout-flow\">\n<p class=\"has-fonarto-font-family has-large-font-size\"><i class=\"fas fa-face-laugh-squint\"><\/i> Intrattenimento malati<\/p>\n\n\n\n<div style=\"height:20px\" aria-hidden=\"true\" class=\"wp-block-spacer\"><\/div>\n\n\n\n<p>Attivit\u00e0 di Clowning e intrattenimento in ospedali, ospizi, case famiglia, residenze per anziani e qualsiasi altra organizzazione o struttura con persone in momenti difficili.<\/p>\n\n\n\n<div style=\"height:20px\" aria-hidden=\"true\" class=\"wp-block-spacer\"><\/div>\n\n\n\n<figure class=\"wp-block-image size-large is-resized is-style-rounded is-style-rounded--3\"><img loading=\"lazy\" decoding=\"async\" width=\"1024\" height=\"683\" src=\"https:\/\/eastery.org\/wp-content\/uploads\/2024\/09\/happy-doctor-with-clown-red-nose-taking-care-and-p-2023-11-27-05-00-27-utc-1024x683.jpeg\" alt=\"\" class=\"wp-image-204\" style=\"width:357px;height:auto\" srcset=\"https:\/\/eastery.org\/wp-content\/uploads\/2024\/09\/happy-doctor-with-clown-red-nose-taking-care-and-p-2023-11-27-05-00-27-utc-1024x683.jpeg 1024w, https:\/\/eastery.org\/wp-content\/uploads\/2024\/09\/happy-doctor-with-clown-red-nose-taking-care-and-p-2023-11-27-05-00-27-utc-300x200.jpeg 300w, https:\/\/eastery.org\/wp-content\/uploads\/2024\/09\/happy-doctor-with-clown-red-nose-taking-care-and-p-2023-11-27-05-00-27-utc-768x512.jpeg 768w, https:\/\/eastery.org\/wp-content\/uploads\/2024\/09\/happy-doctor-with-clown-red-nose-taking-care-and-p-2023-11-27-05-00-27-utc-1536x1024.jpeg 1536w, https:\/\/eastery.org\/wp-content\/uploads\/2024\/09\/happy-doctor-with-clown-red-nose-taking-care-and-p-2023-11-27-05-00-27-utc-2048x1365.jpeg 2048w, https:\/\/eastery.org\/wp-content\/uploads\/2024\/09\/happy-doctor-with-clown-red-nose-taking-care-and-p-2023-11-27-05-00-27-utc-18x12.jpeg 18w\" sizes=\"auto, (max-width: 1024px) 100vw, 1024px\" \/><\/figure>\n<\/div>\n<\/div>\n<\/div>\n<\/div>\n<\/div>\n\n\n\n<h2 class=\"wp-block-heading alignfull has-text-align-center has-base-2-color has-accent-3-background-color has-text-color has-background has-link-color has-medium-font-size wp-elements-a85d49b62f64daf1191a3e0765186d92\">Tutte le attivit\u00e0 sopracitate hanno l&#8217;unico scopo di finanziare le iniziative della fondazione.<br>Eventuali profitti sono impiegati unicamente per attivit\u00e0 benefiche.<\/h2>\n\n\n\n<div class=\"wp-block-group alignfull has-base-2-color has-base-2-background-color has-text-color has-background has-link-color wp-elements-00316294b78c39cf98cf2adfce7a4cd7 has-global-padding is-layout-constrained wp-container-core-group-is-layout-b2790427 wp-block-group-is-layout-constrained\" style=\"margin-top:0;margin-bottom:0;padding-top:var(--wp--preset--spacing--40);padding-right:var(--wp--preset--spacing--50);padding-bottom:var(--wp--preset--spacing--40);padding-left:var(--wp--preset--spacing--50)\">\n<div class=\"wp-block-columns alignwide is-layout-flex wp-container-core-columns-is-layout-d1c656ed wp-block-columns-is-layout-flex\">\n<div class=\"wp-block-column is-vertically-aligned-stretch is-layout-flow wp-block-column-is-layout-flow\" style=\"padding-right:0;flex-basis:100%\">\n<div class=\"wp-block-group is-layout-flow wp-block-group-is-layout-flow\" style=\"min-height:100%\">\n<figure class=\"wp-block-pullquote has-contrast-color has-text-color has-link-color has-fonarto-font-family has-large-font-size wp-elements-739da77b8c2cf818ce7e40eabf15d183\" style=\"margin-top:0;margin-bottom:0;padding-top:0;padding-right:0;padding-bottom:0;padding-left:0\"><blockquote><p>Il valore di una persona <br>risiede in ci\u00f2 che \u00e8 capace di dare <br>e non in ci\u00f2 che \u00e8 capace di prendere.<\/p><cite>Albert Einstein<\/cite><\/blockquote><\/figure>\n<\/div>\n<\/div>\n<\/div>\n<\/div>\n","protected":false},"excerpt":{"rendered":"<p>Divulgazione tramite social media con lo scopo di infondere consapevolezza nelle masse. La divulgazione gratuita \u00e8 alla base della nostra fondazione ed \u00e8 iniziata a Marzo 2024 (quando la fondazione non era ancora legalmente esistente) attraverso il canale YouTube dedicato. In pochi mesi migliaia di sostenitori si sono iscritti al canale garantendogli una crescita importante [&hellip;]<\/p>\n","protected":false},"author":1,"featured_media":0,"parent":0,"menu_order":0,"comment_status":"closed","ping_status":"closed","template":"","meta":{"footnotes":""},"class_list":["post-197","page","type-page","status-publish","hentry"],"_links":{"self":[{"href":"https:\/\/eastery.org\/it\/wp-json\/wp\/v2\/pages\/197","targetHints":{"allow":["GET"]}}],"collection":[{"href":"https:\/\/eastery.org\/it\/wp-json\/wp\/v2\/pages"}],"about":[{"href":"https:\/\/eastery.org\/it\/wp-json\/wp\/v2\/types\/page"}],"author":[{"embeddable":true,"href":"https:\/\/eastery.org\/it\/wp-json\/wp\/v2\/users\/1"}],"replies":[{"embeddable":true,"href":"https:\/\/eastery.org\/it\/wp-json\/wp\/v2\/comments?post=197"}],"version-history":[{"count":5,"href":"https:\/\/eastery.org\/it\/wp-json\/wp\/v2\/pages\/197\/revisions"}],"predecessor-version":[{"id":423,"href":"https:\/\/eastery.org\/it\/wp-json\/wp\/v2\/pages\/197\/revisions\/423"}],"wp:attachment":[{"href":"https:\/\/eastery.org\/it\/wp-json\/wp\/v2\/media?parent=197"}],"curies":[{"name":"wp","href":"https:\/\/api.w.org\/{rel}","templated":true}]}}