{"id":2,"date":"2024-03-06T18:29:39","date_gmt":"2024-03-06T18:29:39","guid":{"rendered":"https:\/\/eastery.org\/?page_id=2"},"modified":"2024-10-02T15:45:11","modified_gmt":"2024-10-02T15:45:11","slug":"chi-siamo","status":"publish","type":"page","link":"https:\/\/eastery.org\/it\/chi-siamo\/","title":{"rendered":"Come nasce la fondazione"},"content":{"rendered":"\n<div style=\"height:34px\" aria-hidden=\"true\" class=\"wp-block-spacer\"><\/div>\n\n\n\n<div class=\"wp-block-columns alignwide are-vertically-aligned-center is-layout-flex wp-container-core-columns-is-layout-28f84493 wp-block-columns-is-layout-flex\">\n<div class=\"wp-block-column is-vertically-aligned-center is-layout-flow wp-block-column-is-layout-flow\" style=\"flex-basis:30%\">\n<figure class=\"wp-block-image alignleft size-large is-style-rounded is-style-rounded--1\"><img loading=\"lazy\" decoding=\"async\" width=\"1024\" height=\"683\" src=\"https:\/\/eastery.org\/wp-content\/uploads\/2024\/03\/Pask-1024x683.png\" alt=\"\" class=\"wp-image-28\" srcset=\"https:\/\/eastery.org\/wp-content\/uploads\/2024\/03\/Pask-1024x683.png 1024w, https:\/\/eastery.org\/wp-content\/uploads\/2024\/03\/Pask-300x200.png 300w, https:\/\/eastery.org\/wp-content\/uploads\/2024\/03\/Pask-768x512.png 768w, https:\/\/eastery.org\/wp-content\/uploads\/2024\/03\/Pask-1536x1024.png 1536w, https:\/\/eastery.org\/wp-content\/uploads\/2024\/03\/Pask.png 2048w\" sizes=\"auto, (max-width: 1024px) 100vw, 1024px\" \/><\/figure>\n<\/div>\n\n\n\n<div class=\"wp-block-column is-vertically-aligned-center is-layout-flow wp-block-column-is-layout-flow\" style=\"flex-basis:70%\">\n<p>Nei miei primi cinquant&#8217;anni ho studiato molto filosofia, religione e molte tecniche e scuole di pensiero olistiche e tutte sembravano portare in direzioni diverse seppur conservassero dei principi fondamentali condivisibili e razionalmente validi. Non avevo mai trovato una vena comune che mi portasse verso la verit\u00e0 finch\u00e9, un giorno, un Pastore (direttore di un&#8217;organizzazione umanitaria in cui svolgo la mia attivit\u00e0) mi chiese di girare un documentario sulle attivit\u00e0 svolte in Grecia dalla loro fondazione. Sarebbe stato un lavoro gratuito e, ferito nel mio orgoglio, ero pronto a dire di no. Di fatto la mia intenzione era di quella di dire di no ma&#8230;<\/p>\n<\/div>\n<\/div>\n\n\n\n<blockquote class=\"wp-block-quote is-layout-flow wp-block-quote-is-layout-flow\">\n<p class=\"has-text-align-center has-system-serif-font-family has-large-font-size\">Proprio quando vado a pronunciare la parola &#8220;NO&#8221; dalla mia bocca esce un &#8220;SI&#8221;<\/p>\n<\/blockquote>\n\n\n\n<p>Stranamente, in quel momento, per me il &#8220;Si&#8221; divent\u00f2 la risposta corretta. Mi sentivo come avessi appena superato un ostacolo, un pericolo.<br>Parto per Atene e passo tre giorni davvero indimenticabili: abbiamo documentato situazioni che non pensavo potessero esistere. Di tanto in tanto dovevo uscire di scena perch\u00e9 i miei occhi erano lucidi e non potevo trattenere l&#8217;emozione. Il documentario si chiama &#8220;Inclusion&#8221; e vorrei che lo guardaste prima di procedere con la lettura:<\/p>\n\n\n\n<figure class=\"wp-block-embed is-type-video is-provider-youtube wp-block-embed-youtube wp-embed-aspect-16-9 wp-has-aspect-ratio\"><div class=\"wp-block-embed__wrapper\">\n<iframe loading=\"lazy\" title=\"Inclusion\" width=\"500\" height=\"281\" src=\"https:\/\/www.youtube.com\/embed\/UOJx5gbZ8zw?feature=oembed\" frameborder=\"0\" allow=\"accelerometer; autoplay; clipboard-write; encrypted-media; gyroscope; picture-in-picture; web-share\" referrerpolicy=\"strict-origin-when-cross-origin\" allowfullscreen><\/iframe>\n<\/div><\/figure>\n\n\n\n<p>Ritornato, inizio il montaggio del video: erano oltre 370 clip. Seleziono e taglio le clip migliori, porto le clip in slow motion a velocit\u00e0 normale e le butto semplicemente all&#8217;interno della &#8220;timeline&#8221; ovvero lo spazio in cui il video viene editato nel software di montaggio. Premo la barra spaziatrice per vedere di nuovo le clip e montarle in sequenza ma era successo qualcosa:<\/p>\n\n\n\n<blockquote class=\"wp-block-quote is-layout-flow wp-block-quote-is-layout-flow\">\n<p class=\"has-text-align-center has-system-serif-font-family has-large-font-size\">il video era gi\u00e0 editato ed era quasi pronto cos\u00ec com&#8217;era: <br>le parole della colonna sonora corrispondevano con le scene girate, <br>le clip andavano a tempo, <br>anche i salti o battiti di mano andavano gi\u00e0 a tempo!<\/p>\n<\/blockquote>\n\n\n\n<p>Questa cosa non era possibile. Sarebbe stato pi\u00f9 semplice vincere una lotteria nazionale che azzeccare le posizioni delle clip, la ritmicit\u00e0, i tagli a tempo e quant&#8217;altro. L&#8217;emozione mi pervade, il cuore batte forte, c&#8217;\u00e8 qualcosa che &#8220;non va&#8221; di estremamente piacevole e miracoloso.<br>Chiamo il Pastore che mi aveva commissionato il video e gli spiego l&#8217;accaduto e lui peggiora nettamente la situazione dicendomi:<\/p>\n\n\n\n<blockquote class=\"wp-block-quote is-layout-flow wp-block-quote-is-layout-flow\">\n<p class=\"has-text-align-center has-system-serif-font-family has-large-font-size\">Vedi?! Quando lavori per Dio, <br>succedono queste cose!<\/p>\n<\/blockquote>\n\n\n\n<p>Inizio a piangere e singhiozzare e rimango un&#8217;ora sul divano a piangere in modo strozzato e disordinato ma gioioso. Sento un calore forte nel mio petto che durer\u00e0 per circa quaranta giorni&#8230;<\/p>\n\n\n\n<p>Da quel giorno sapevo cosa fare: uscire dagli schemi e lavorare per aiutare gli altri a riscoprire Dio, S\u00e8 Stessi, la Verit\u00e0. Ognuno a suo modo, ognuno come vuole, ridando dignit\u00e0 e potere alle Persone di Buona Volont\u00e0.<\/p>\n\n\n\n<blockquote class=\"wp-block-quote is-layout-flow wp-container-core-quote-is-layout-8a368f38 wp-block-quote-is-layout-flow\">\n<p class=\"has-text-align-center has-system-serif-font-family has-large-font-size\" style=\"margin-top:0;margin-bottom:0;padding-top:0;padding-bottom:0\">Questa Fondazione non \u00e8 un&#8217;iniziativa:<br>\u00e8 una necessit\u00e0.<\/p>\n<\/blockquote>\n\n\n\n<p>Non condividere le mie scoperte e non portare avanti i miei ideali mi sarebbe costato troppo: sarebbe stato un&#8217;atto di egoismo che mi avrebbe regredito all&#8217;ignoranza, a rinchiudermi in me stesso ed alla morte.<\/p>\n\n\n\n<figure class=\"wp-block-pullquote has-system-serif-font-family has-x-large-font-size\" style=\"margin-top:var(--wp--preset--spacing--10);margin-bottom:var(--wp--preset--spacing--10);padding-top:0;padding-bottom:0\"><blockquote><p>Questa era la cosa da fare&#8230; e l&#8217;ho fatta.<\/p><\/blockquote><\/figure>\n\n\n\n<p class=\"has-text-align-center has-system-serif-font-family has-small-font-size\" style=\"margin-top:0;margin-bottom:0;padding-top:0;padding-bottom:0\">Pasquale Mazzone,<br>Fondatore e Direttore della Fondazione Eastery.<\/p>\n\n\n\n<hr class=\"wp-block-separator has-alpha-channel-opacity\"\/>\n\n\n\n<p class=\"has-text-align-center has-small-font-size\"><strong>Per chi parla Italiano, in questo video spiego le origini e i principi della Fondazione:<\/strong><\/p>\n\n\n\n<figure class=\"wp-block-embed is-type-video is-provider-youtube wp-block-embed-youtube wp-embed-aspect-16-9 wp-has-aspect-ratio\"><div class=\"wp-block-embed__wrapper\">\n<iframe loading=\"lazy\" title=\"Eastery: il perch\u00e9 e il come di questo canale\" width=\"500\" height=\"281\" src=\"https:\/\/www.youtube.com\/embed\/nch9RJudXHU?feature=oembed\" frameborder=\"0\" allow=\"accelerometer; autoplay; clipboard-write; encrypted-media; gyroscope; picture-in-picture; web-share\" referrerpolicy=\"strict-origin-when-cross-origin\" allowfullscreen><\/iframe>\n<\/div><\/figure>\n","protected":false},"excerpt":{"rendered":"<p>Nei miei primi cinquant&#8217;anni ho studiato molto filosofia, religione e molte tecniche e scuole di pensiero olistiche e tutte sembravano portare in direzioni diverse seppur conservassero dei principi fondamentali condivisibili e razionalmente validi. Non avevo mai trovato una vena comune che mi portasse verso la verit\u00e0 finch\u00e9, un giorno, un Pastore (direttore di un&#8217;organizzazione umanitaria [&hellip;]<\/p>\n","protected":false},"author":1,"featured_media":0,"parent":0,"menu_order":0,"comment_status":"closed","ping_status":"open","template":"","meta":{"footnotes":""},"class_list":["post-2","page","type-page","status-publish","hentry"],"_links":{"self":[{"href":"https:\/\/eastery.org\/it\/wp-json\/wp\/v2\/pages\/2","targetHints":{"allow":["GET"]}}],"collection":[{"href":"https:\/\/eastery.org\/it\/wp-json\/wp\/v2\/pages"}],"about":[{"href":"https:\/\/eastery.org\/it\/wp-json\/wp\/v2\/types\/page"}],"author":[{"embeddable":true,"href":"https:\/\/eastery.org\/it\/wp-json\/wp\/v2\/users\/1"}],"replies":[{"embeddable":true,"href":"https:\/\/eastery.org\/it\/wp-json\/wp\/v2\/comments?post=2"}],"version-history":[{"count":5,"href":"https:\/\/eastery.org\/it\/wp-json\/wp\/v2\/pages\/2\/revisions"}],"predecessor-version":[{"id":415,"href":"https:\/\/eastery.org\/it\/wp-json\/wp\/v2\/pages\/2\/revisions\/415"}],"wp:attachment":[{"href":"https:\/\/eastery.org\/it\/wp-json\/wp\/v2\/media?parent=2"}],"curies":[{"name":"wp","href":"https:\/\/api.w.org\/{rel}","templated":true}]}}