{"id":206,"date":"2024-09-30T11:14:15","date_gmt":"2024-09-30T11:14:15","guid":{"rendered":"https:\/\/eastery.org\/?page_id=206"},"modified":"2024-09-30T15:30:25","modified_gmt":"2024-09-30T15:30:25","slug":"citazioni-condivise","status":"publish","type":"page","link":"https:\/\/eastery.org\/it\/citazioni-condivise\/","title":{"rendered":"Citazioni condivise"},"content":{"rendered":"\n<div class=\"wp-block-group alignfull has-accent-background-color has-background is-layout-grid wp-container-core-group-is-layout-bf3ff4f1 wp-block-group-is-layout-grid\" style=\"min-height:100vh;margin-top:0;margin-bottom:0;padding-top:var(--wp--preset--spacing--40);padding-right:var(--wp--preset--spacing--50);padding-bottom:var(--wp--preset--spacing--40);padding-left:var(--wp--preset--spacing--50)\">\n<div class=\"wp-block-columns is-layout-flex wp-container-core-columns-is-layout-28f84493 wp-block-columns-is-layout-flex\">\n<div class=\"wp-block-column is-layout-flow wp-block-column-is-layout-flow\" style=\"flex-basis:100%\">\n<div class=\"wp-block-group alignwide has-global-padding is-layout-constrained wp-container-core-group-is-layout-530ec779 wp-block-group-is-layout-constrained\">\n<ul class=\"wp-block-list\">\n<li style=\"margin-top:0;margin-right:0;margin-bottom:0;margin-left:0\"><strong>Albert Einstein<\/strong>\n<ul class=\"wp-block-list\">\n<li class=\"has-medium-font-size\">&#8220;La scienza \u00e8 ci\u00f2 che comprendiamo abbastanza bene da spiegarlo a un computer. L&#8217;arte \u00e8 tutto il resto.&#8221;<\/li>\n\n\n\n<li>&#8220;Non possiamo risolvere i problemi con lo stesso tipo di coscienza che abbiamo usato quando li abbiamo creati.&#8221;<\/li>\n\n\n\n<li>&#8220;Il valore di una persona risiede in ci\u00f2 che \u00e8 capace di dare e non in ci\u00f2 che \u00e8 capace di prendere.&#8221;<\/li>\n\n\n\n<li>&#8220;\u00c8 pi\u00f9 facile spezzare un atomo che un pregiudizio.&#8221;<\/li>\n\n\n\n<li>&#8220;Il mondo cos\u00ec come lo abbiamo creato \u00e8 il risultato del nostro pensiero. Non possiamo cambiarlo a meno che non cambiamo il nostro modo di pensare.&#8221;<\/li>\n\n\n\n<li>&#8220;Tutti sanno che qualcosa \u00e8 impossibile da raggiungere, fino a quando un folle arriva che non lo sa e lo inventa.&#8221;<\/li>\n\n\n\n<li>&#8220;Il mistero \u00e8 l&#8217;emozione fondamentale che si trova alla fonte della vera arte e della vera scienza.&#8221;<\/li>\n<\/ul>\n<\/li>\n<\/ul>\n\n\n\n<ul class=\"wp-block-list\">\n<li><strong>Arthur Koestler<\/strong>\n<ul class=\"wp-block-list\">\n<li>&#8220;Pi\u00f9 originale \u00e8 una scoperta, pi\u00f9 ovvia sembra in retrospettiva.&#8221;<\/li>\n<\/ul>\n<\/li>\n<\/ul>\n\n\n\n<ul class=\"wp-block-list\">\n<li><strong>Donald Knuth<\/strong>\n<ul class=\"wp-block-list\">\n<li>&#8220;La scienza \u00e8 ci\u00f2 che comprendiamo abbastanza bene da spiegarlo a un computer. L&#8217;arte \u00e8 tutto il resto.&#8221;<\/li>\n<\/ul>\n<\/li>\n<\/ul>\n\n\n\n<ul class=\"wp-block-list\">\n<li><strong>Karl Popper<\/strong>\n<ul class=\"wp-block-list\">\n<li>&#8220;La storia dell&#8217;evoluzione insegna che l&#8217;universo non ha mai smesso di essere creativo o inventivo.&#8221;<\/li>\n<\/ul>\n<\/li>\n<\/ul>\n\n\n\n<ul class=\"wp-block-list\">\n<li><strong>Khalil Gibran<\/strong>\n<ul class=\"wp-block-list\">\n<li>&#8220;Il risveglio spirituale \u00e8 la cosa pi\u00f9 essenziale nella vita umana, \u00e8 l&#8217;unico scopo dell&#8217;esistenza.&#8221;<\/li>\n<\/ul>\n<\/li>\n<\/ul>\n\n\n\n<ul class=\"wp-block-list\">\n<li><strong>Giordano Bruno<\/strong>\n<ul class=\"wp-block-list\">\n<li>&#8220;Una singola forza, l&#8217;Amore, unisce mondi infiniti e li fa vivere.&#8221;<\/li>\n\n\n\n<li>&#8220;Non \u00e8 la materia a generare il pensiero, \u00e8 il pensiero a generare la materia.&#8221;<\/li>\n<\/ul>\n<\/li>\n<\/ul>\n\n\n\n<ul class=\"wp-block-list\">\n<li><strong>Dante Alighieri<\/strong>\n<ul class=\"wp-block-list\">\n<li>&#8220;\u2026 l&#8217;amore che muove il sole e le altre stelle.&#8221;<\/li>\n<\/ul>\n<\/li>\n<\/ul>\n\n\n\n<ul class=\"wp-block-list\">\n<li><strong>Plotino<\/strong>\n<ul class=\"wp-block-list\">\n<li>&#8220;Cerca di riportare il divino che \u00e8 in noi al divino che \u00e8 nell&#8217;universo.&#8221;<\/li>\n<\/ul>\n<\/li>\n<\/ul>\n\n\n\n<ul class=\"wp-block-list\">\n<li><strong>Parmenide<\/strong>\n<ul class=\"wp-block-list\">\n<li>&#8220;I molti non possono essere concepiti senza l&#8217;uno.&#8221;<br><br><\/li>\n<\/ul>\n<\/li>\n\n\n\n<li><strong>Harvey B. Mackay<\/strong>\n<ul class=\"wp-block-list\">\n<li>&#8220;La persona saggia non \u00e8 quella che commette meno errori. \u00c8 quella che impara di pi\u00f9 dagli errori.&#8221;<br><br><\/li>\n<\/ul>\n<\/li>\n\n\n\n<li><strong>Galileo Galilei<\/strong>\n<ul class=\"wp-block-list\">\n<li>&#8220;Le cose sono unite da legami invisibili. Non puoi raccogliere un fiore senza turbare una stella.&#8221;<\/li>\n\n\n\n<li>&#8220;Le verit\u00e0 scientifiche non possono essere decise da un voto di maggioranza.&#8221;<br><br><\/li>\n<\/ul>\n<\/li>\n\n\n\n<li><strong>Leonardo da Vinci<\/strong>\n<ul class=\"wp-block-list\">\n<li>&#8220;Ogni nostra cognizione inizia con i sentimenti.&#8221;<br><br><\/li>\n<\/ul>\n<\/li>\n\n\n\n<li><strong>WaltDisney<\/strong>\n<ul class=\"wp-block-list\">\n<li>&#8220;Se puoi sognarlo, puoi farlo.&#8221;<br><br><\/li>\n<\/ul>\n<\/li>\n\n\n\n<li><strong>William Blake<\/strong>\n<ul class=\"wp-block-list\">\n<li>&#8220;Ci\u00f2 che oggi \u00e8 provato era una volta solo immaginato.&#8221;<br><br><\/li>\n<\/ul>\n<\/li>\n\n\n\n<li><strong>Eric Fromm<\/strong>\n<ul class=\"wp-block-list\">\n<li>&#8220;La creativit\u00e0 richiede il coraggio di abbandonare le certezze.&#8221;<br><br><\/li>\n<\/ul>\n<\/li>\n\n\n\n<li><strong>Erwin Schr\u00f6dinger<\/strong>\n<ul class=\"wp-block-list\">\n<li>&#8220;Ci\u00f2 che osserviamo come corpi materiali e forze non sono altro che forme e variazioni nella struttura dello spazio.&#8221;<\/li>\n\n\n\n<li>&#8220;La fisica quantistica rivela cos\u00ec una fondamentale unit\u00e0 dell&#8217;universo.&#8221;<br><br><\/li>\n<\/ul>\n<\/li>\n\n\n\n<li><strong>Ludwig Wittgenstein<\/strong>\n<ul class=\"wp-block-list\">\n<li>&#8220;La soluzione del mistero della vita nello spazio e nel tempo si trova al di fuori dello spazio e del tempo.&#8221;<br><br><\/li>\n<\/ul>\n<\/li>\n\n\n\n<li><strong>Max Planck<\/strong>\n<ul class=\"wp-block-list\">\n<li>&#8220;Considero la coscienza come fondamentale. Considero la materia come derivata dalla coscienza. Non possiamo andare oltre la coscienza.&#8221;<\/li>\n\n\n\n<li>&#8220;La scienza e la religione non sono in contrasto, ma hanno bisogno l&#8217;una dell&#8217;altra per completarsi nella mente di un uomo che pensa seriamente.&#8221;<br><br><\/li>\n<\/ul>\n<\/li>\n\n\n\n<li><strong>Ramana Maharshi<\/strong>\n<ul class=\"wp-block-list\">\n<li>&#8220;La coscienza \u00e8 sempre con noi. Ognuno sa &#8216;io sono!&#8221; Nessuno pu\u00f2 negare il proprio essere.&#8221;<br><br><\/li>\n<\/ul>\n<\/li>\n\n\n\n<li><strong>Steven Pinker<\/strong>\n<ul class=\"wp-block-list\">\n<li>&#8220;Sostengo che nulla dia pi\u00f9 scopo alla vita della realizzazione che ogni momento di coscienza \u00e8 un dono prezioso e fragile.&#8221;<\/li>\n\n\n\n<li>&#8220;La modalit\u00e0 di coscienza delle specie non umane \u00e8 molto diversa dalla coscienza umana.&#8221;<\/li>\n\n\n\n<li>&#8220;La coscienza, nel caos del mondo, \u00e8 una piccola luce, preziosa ma fragile.&#8221;<br><br><\/li>\n<\/ul>\n<\/li>\n\n\n\n<li><strong>J. M.Coetzee<\/strong>\n<ul class=\"wp-block-list\">\n<li>&#8220;La modalit\u00e0 di coscienza delle specie non umane \u00e8 molto diversa dalla coscienza umana.&#8221;<\/li>\n<\/ul>\n<\/li>\n<\/ul>\n\n\n\n<ul start=\"24\" class=\"wp-block-list\">\n<li><strong>David Chalmers<\/strong>\n<ul class=\"wp-block-list\">\n<li>&#8220;Studiare la coscienza ci dice di pi\u00f9 su come il mondo sia fondamentalmente strano. Penso che ci siano ancora alcune rivoluzioni da fare prima di arrivare in fondo.&#8221;<\/li>\n\n\n\n<li>&#8220;Anche quando studiavo matematica, fisica e informatica, sembrava sempre che il problema della coscienza fosse uno dei pi\u00f9 interessanti per la scienza.&#8221;<br><br><\/li>\n<\/ul>\n<\/li>\n\n\n\n<li><strong>Carlo Gustav Jung<\/strong>\n<ul class=\"wp-block-list\">\n<li>&#8220;La nostra psiche \u00e8 costituita in armonia con la struttura dell&#8217;universo, e ci\u00f2 che accade nel macrocosmo accade ugualmente nelle recessi infinitesimali e pi\u00f9 soggettivi dell&#8217;anima.&#8221;<\/li>\n\n\n\n<li>&#8220;La tua visione diventa chiara solo quando guardi dentro il tuo cuore. Chi guarda fuori, sogna. Chi guarda dentro, si sveglia.&#8221;<br><br><\/li>\n<\/ul>\n<\/li>\n\n\n\n<li><strong>Ralph Waldo Emerson<\/strong>\n<ul class=\"wp-block-list\">\n<li>&#8220;Tutto \u00e8 un enigma e la chiave di un enigma \u00e8 un altro enigma.&#8221;<\/li>\n\n\n\n<li>&#8220;Le persone vedono solo ci\u00f2 che sono pronte a vedere.&#8221;<\/li>\n\n\n\n<li>&#8220;Non cercare te stesso al di fuori di te stesso.&#8221;<br><br><\/li>\n<\/ul>\n<\/li>\n\n\n\n<li><strong>Louis-Ferdinand C\u00e9line<\/strong>\n<ul class=\"wp-block-list\">\n<li>&#8220;La coscienza, nel caos del mondo, \u00e8 una piccola luce, preziosa ma fragile.&#8221;<br><br><\/li>\n<\/ul>\n<\/li>\n\n\n\n<li><strong>Friedrich Nietzsche<\/strong>\n<ul class=\"wp-block-list\">\n<li>&#8220;Coloro che sono stati visti ballare sono stati considerati pazzi da coloro che non possono ascoltare la musica.&#8221;<\/li>\n\n\n\n<li>&#8220;Tutte le cose che sono veramente grandi, a prima vista sembrano impossibili.&#8221;<br><br><\/li>\n<\/ul>\n<\/li>\n\n\n\n<li><strong>Teilhard de Chardin<\/strong>\n<ul class=\"wp-block-list\">\n<li>&#8220;Immergiti nella Materia\u2026 Ti porter\u00e0 poi a Dio.&#8221;<br><br><\/li>\n<\/ul>\n<\/li>\n\n\n\n<li><strong>Eckhart Tolle<\/strong>\n<ul class=\"wp-block-list\">\n<li>&#8220;Sei lo spazio vasto in cui tutto accade.&#8221;<br><br><\/li>\n<\/ul>\n<\/li>\n\n\n\n<li><strong>Massimo Gandolfini<\/strong>\n<ul class=\"wp-block-list\">\n<li>&#8220;Il cervello \u00e8 un organo necessario ma non sufficiente per spiegare la coscienza.&#8221;<br><br><\/li>\n<\/ul>\n<\/li>\n\n\n\n<li><strong>Stanislav Grof<\/strong>\n<ul class=\"wp-block-list\">\n<li>&#8220;C&#8217;\u00e8 un urgente bisogno di una revisione radicale dei nostri attuali concetti sulla natura della coscienza e la sua relazione con la materia e il cervello.&#8221;<br><br><\/li>\n<\/ul>\n<\/li>\n\n\n\n<li><strong>Stephen LaBerge<\/strong>\n<ul class=\"wp-block-list\">\n<li>&#8220;Cosa \u00e8 la coscienza? Il nostro cervello simula la realt\u00e0. Quindi, le nostre esperienze quotidiane sono una forma di sogno, il che significa che sono modelli mentali, simulazioni, non le cose che sembrano essere.&#8221;<br><br><\/li>\n<\/ul>\n<\/li>\n\n\n\n<li><strong>Cicerone<\/strong>\n<ul class=\"wp-block-list\">\n<li>&#8220;Nessuno pu\u00f2 darti consiglio pi\u00f9 saggio di te stesso.&#8221;<\/li>\n\n\n\n<li>&#8220;Perch\u00e9 neghi che l&#8217;universo sia un&#8217;intelligenza cosciente quando d\u00e0 vita a intelligenze coscienti?&#8221;<br><br><\/li>\n<\/ul>\n<\/li>\n\n\n\n<li><strong>Upanishad<\/strong>\n<ul class=\"wp-block-list\">\n<li>&#8220;Ti chiedi cos&#8217;\u00e8 l&#8217;assoluto. \u00c8 l&#8217;essenza della tua anima prima di tutto.&#8221;<br><br><\/li>\n<\/ul>\n<\/li>\n\n\n\n<li><strong>Paul Dirac<\/strong>\n<ul class=\"wp-block-list\">\n<li>&#8220;La meccanica quantistica non \u00e8 l&#8217;ultima parola. C&#8217;\u00e8 qualcos&#8217;altro che ci sfugge.&#8221;<br><br><\/li>\n<\/ul>\n<\/li>\n\n\n\n<li><strong>James McAvoy<\/strong>\n<ul class=\"wp-block-list\">\n<li>&#8220;Perch\u00e9 i computer o i robot funzionano a monte, deve esserci una consapevolezza cosciente, e la nostra coscienza \u00e8 la forma di vita pi\u00f9 potente su questo pianeta.&#8221;<br><br><\/li>\n<\/ul>\n<\/li>\n\n\n\n<li><strong>Ermete Trismegisto<\/strong>\n<ul class=\"wp-block-list\">\n<li>&#8220;Come sopra, cos\u00ec sotto.&#8221;<\/li>\n<\/ul>\n<\/li>\n<\/ul>\n<\/div>\n<\/div>\n<\/div>\n<\/div>\n","protected":false},"excerpt":{"rendered":"","protected":false},"author":1,"featured_media":0,"parent":0,"menu_order":0,"comment_status":"closed","ping_status":"closed","template":"","meta":{"footnotes":""},"class_list":["post-206","page","type-page","status-publish","hentry"],"_links":{"self":[{"href":"https:\/\/eastery.org\/it\/wp-json\/wp\/v2\/pages\/206","targetHints":{"allow":["GET"]}}],"collection":[{"href":"https:\/\/eastery.org\/it\/wp-json\/wp\/v2\/pages"}],"about":[{"href":"https:\/\/eastery.org\/it\/wp-json\/wp\/v2\/types\/page"}],"author":[{"embeddable":true,"href":"https:\/\/eastery.org\/it\/wp-json\/wp\/v2\/users\/1"}],"replies":[{"embeddable":true,"href":"https:\/\/eastery.org\/it\/wp-json\/wp\/v2\/comments?post=206"}],"version-history":[{"count":5,"href":"https:\/\/eastery.org\/it\/wp-json\/wp\/v2\/pages\/206\/revisions"}],"predecessor-version":[{"id":278,"href":"https:\/\/eastery.org\/it\/wp-json\/wp\/v2\/pages\/206\/revisions\/278"}],"wp:attachment":[{"href":"https:\/\/eastery.org\/it\/wp-json\/wp\/v2\/media?parent=206"}],"curies":[{"name":"wp","href":"https:\/\/api.w.org\/{rel}","templated":true}]}}