{"id":3,"date":"2024-03-06T18:29:39","date_gmt":"2024-03-06T18:29:39","guid":{"rendered":"https:\/\/eastery.org\/?page_id=3"},"modified":"2024-09-27T11:27:33","modified_gmt":"2024-09-27T11:27:33","slug":"privacy-policy","status":"publish","type":"page","link":"https:\/\/eastery.org\/it\/privacy-policy\/","title":{"rendered":"Informativa sulla privacy"},"content":{"rendered":"\n<h2 class=\"wp-block-heading\">Chi siamo<\/h2>\n\n\n\n<p>Eastery Foundation \u00e8 una fondazione di pubblico interesse che ha ottenuto riconoscimento giuridico dal Ministero del Commercio, Industria e Turismo della Repubblica di Cipro, Dipartimento delle Societ\u00e0 e Propriet\u00e0 Intellettuale il giorno 18 luglio 2024 con successive formalit\u00e0 di riconoscimento come Fondazione e modifica del nome con rimozione del suffisso LTD approvata il giorno 24 Settembre 2024.<br>La fondazione ha sede nello Strovolos Center, Viale Strovolos 77, 2018 Strovolos, Nicosia, Cipro. Numero di registrazione HE462937.<\/p>\n\n\n\n<h2 class=\"wp-block-heading\">Gestione dei dati<\/h2>\n\n\n\n<p>I vostri dati saranno gestiti dalla Fondazione in conformit\u00e0 con il Regolamento generale sulla protezione dei dati (Regolamento (UE) 2016\/679),[1], meglio noto come GDPR.<\/p>\n\n\n\n<h2 class=\"wp-block-heading\">Commenti<\/h2>\n\n\n\n<p>Quando i visitatori lasciano commenti sul sito, raccogliamo i dati mostrati nel modulo dei commenti, nonch\u00e9 l&#8217;indirizzo IP del visitatore e la stringa dello user agent del browser per facilitare il rilevamento dello spam.<\/p>\n\n\n\n<p>Una stringa anonima creata a partire dal vostro indirizzo e-mail (chiamata anche hash) pu\u00f2 essere fornita al servizio Gravatar per verificare se lo state utilizzando. L&#8217;informativa sulla privacy del servizio Gravatar \u00e8 disponibile qui: https:\/\/automattic.com\/privacy\/. Dopo l&#8217;approvazione del commento, l&#8217;immagine del profilo \u00e8 visibile al pubblico nel contesto del commento.<\/p>\n\n\n\n<h2 class=\"wp-block-heading\">Media<\/h2>\n\n\n\n<p>Se si caricano immagini sul sito web, si dovrebbe evitare di caricare immagini con dati di localizzazione incorporati (EXIF GPS). I visitatori del sito web possono scaricare ed estrarre i dati di localizzazione dalle immagini presenti sul sito.<\/p>\n\n\n\n<h2 class=\"wp-block-heading\">Cookies<\/h2>\n\n\n\n<p>Se lasciate un commento sul nostro sito, potete scegliere di salvare il vostro nome, indirizzo e-mail e sito web nei cookie. Questi sono per vostra comodit\u00e0, in modo che non dobbiate inserire nuovamente i vostri dati quando lasciate un altro commento. La durata di questi cookie \u00e8 di un anno.<\/p>\n\n\n\n<p>Se visitate la nostra pagina di login, imposteremo un cookie temporaneo per determinare se il vostro browser accetta i cookie. Questo cookie non contiene dati personali e viene eliminato quando si chiude il browser.<\/p>\n\n\n\n<p>Quando si effettua l&#8217;accesso, vengono impostati anche diversi cookie per salvare le informazioni di accesso e le scelte di visualizzazione dello schermo. I cookie di accesso durano due giorni, mentre quelli relativi alle opzioni dello schermo durano un anno. Se selezionate \u201cRicordami\u201d, il vostro login rester\u00e0 attivo per due settimane. Se si esce dal proprio account, i cookie di accesso verranno rimossi.<\/p>\n\n\n\n<p>Se modificate o pubblicate un articolo, nel vostro browser verr\u00e0 salvato un ulteriore cookie. Questo cookie non contiene dati personali e indica semplicemente l&#8217;ID del post dell&#8217;articolo appena modificato. Scade dopo 1 giorno.<\/p>\n\n\n\n<h2 class=\"wp-block-heading\">Contenuti incorporati<\/h2>\n\n\n\n<p>Gli articoli di questo sito possono includere contenuti incorporati (ad esempio video, immagini, articoli, ecc.). I contenuti incorporati di altri siti web si comportano esattamente come se il visitatore avesse visitato l&#8217;altro sito web.<\/p>\n\n\n\n<p>Questi siti web possono raccogliere dati sull&#8217;utente, utilizzare cookie, incorporare un ulteriore tracciamento di terze parti e monitorare l&#8217;interazione dell&#8217;utente con il contenuto incorporato, compreso il tracciamento dell&#8217;interazione dell&#8217;utente con il contenuto incorporato se dispone di un account e ha effettuato l&#8217;accesso al sito web in questione.<\/p>\n\n\n\n<h2 class=\"wp-block-heading\">Con chi condividiamo i dati<\/h2>\n\n\n\n<p>Se si richiede la reimpostazione della password, il proprio indirizzo IP sar\u00e0 incluso nell&#8217;e-mail di reimpostazione.<br>I dati non sono condivisi con altre organizzazioni e\/o persone fisiche o giuridiche fatti salvi i casi in cui non ce ne sia data esplicita autorizzazione via email o altre forme di comunicazione.<\/p>\n\n\n\n<h2 class=\"wp-block-heading\">Per quanto tempo archiviamo i dati<\/h2>\n\n\n\n<p>Se si lascia un commento, il commento e i suoi metadati vengono conservati a tempo indeterminato. In questo modo possiamo riconoscere e approvare automaticamente eventuali commenti successivi, invece di tenerli in una coda di moderazione.<\/p>\n\n\n\n<p>Per gli utenti che si registrano sul nostro sito web (se presenti), memorizziamo anche le informazioni personali fornite nel loro profilo utente. Tutti gli utenti possono vedere, modificare o cancellare le loro informazioni personali in qualsiasi momento (tranne che per il fatto che non possono cambiare il loro nome utente). Anche gli amministratori del sito web possono vedere e modificare tali informazioni.<\/p>\n\n\n\n<h2 class=\"wp-block-heading\">Che diritti hai suoi tuoi dati<\/h2>\n\n\n\n<p>Se avete un account su questo sito o avete lasciato dei commenti, potete richiedere di ricevere un file esportato dei dati personali in nostro possesso, compresi quelli che ci avete fornito. Potete anche richiedere la cancellazione dei dati personali in nostro possesso. Questo non include i dati che siamo obbligati a conservare per scopi amministrativi, legali o di sicurezza.<\/p>\n\n\n\n<h2 class=\"wp-block-heading\">A chi potrebbero essere comunicati i tuoi dati<\/h2>\n\n\n\n<p>I commenti dei visitatori possono essere controllati da un servizio automatico di rilevamento dello spam.<\/p>\n\n\n\n<h2 class=\"wp-block-heading\">Comunicazioni via email<\/h2>\n\n\n\n<p>Le comunicazioni via email esulano da quanto previsto nella presente policy: i dati comunicati saranno visionati dal nostro staff e archiviati su server Apple o Google negli Stati Uniti. Tutte le comunicazioni resteranno archiviate per un tempo indeterminato e potranno essere cancellate su vostra richiesta.<\/p>\n\n\n\n<h2 class=\"wp-block-heading\">Responsabile del trattamento dei dati<\/h2>\n\n\n\n<p>Ogni comunicazione o richiesta in relazione alla privacy e al trattamento dei dati potr\u00e0 essere comunicata alla mail privacy<img loading=\"lazy\" decoding=\"async\" width=\"20\" height=\"20\" class=\"wp-image-99\" style=\"width: 20px;\" src=\"https:\/\/eastery.org\/wp-content\/uploads\/2024\/09\/av007557a0258a6f2df86.png\" alt=\"\" srcset=\"https:\/\/eastery.org\/wp-content\/uploads\/2024\/09\/av007557a0258a6f2df86.png 560w, https:\/\/eastery.org\/wp-content\/uploads\/2024\/09\/av007557a0258a6f2df86-300x300.png 300w, https:\/\/eastery.org\/wp-content\/uploads\/2024\/09\/av007557a0258a6f2df86-150x150.png 150w, https:\/\/eastery.org\/wp-content\/uploads\/2024\/09\/av007557a0258a6f2df86-12x12.png 12w\" sizes=\"auto, (max-width: 20px) 100vw, 20px\" \/>eastery.org o scrivendo una lettera all&#8217;indirizzo sopra riportato.<\/p>\n\n\n\n<p><\/p>\n","protected":false},"excerpt":{"rendered":"<p>Chi siamo Eastery Foundation \u00e8 una fondazione di pubblico interesse che ha ottenuto riconoscimento giuridico dal Ministero del Commercio, Industria e Turismo della Repubblica di Cipro, Dipartimento delle Societ\u00e0 e Propriet\u00e0 Intellettuale il giorno 18 luglio 2024 con successive formalit\u00e0 di riconoscimento come Fondazione e modifica del nome con rimozione del suffisso LTD approvata il [&hellip;]<\/p>\n","protected":false},"author":1,"featured_media":0,"parent":0,"menu_order":0,"comment_status":"closed","ping_status":"open","template":"","meta":{"footnotes":""},"class_list":["post-3","page","type-page","status-publish","hentry"],"_links":{"self":[{"href":"https:\/\/eastery.org\/it\/wp-json\/wp\/v2\/pages\/3","targetHints":{"allow":["GET"]}}],"collection":[{"href":"https:\/\/eastery.org\/it\/wp-json\/wp\/v2\/pages"}],"about":[{"href":"https:\/\/eastery.org\/it\/wp-json\/wp\/v2\/types\/page"}],"author":[{"embeddable":true,"href":"https:\/\/eastery.org\/it\/wp-json\/wp\/v2\/users\/1"}],"replies":[{"embeddable":true,"href":"https:\/\/eastery.org\/it\/wp-json\/wp\/v2\/comments?post=3"}],"version-history":[{"count":1,"href":"https:\/\/eastery.org\/it\/wp-json\/wp\/v2\/pages\/3\/revisions"}],"predecessor-version":[{"id":100,"href":"https:\/\/eastery.org\/it\/wp-json\/wp\/v2\/pages\/3\/revisions\/100"}],"wp:attachment":[{"href":"https:\/\/eastery.org\/it\/wp-json\/wp\/v2\/media?parent=3"}],"curies":[{"name":"wp","href":"https:\/\/api.w.org\/{rel}","templated":true}]}}